{"id":8,"date":"2025-08-25T11:01:13","date_gmt":"2025-08-25T09:01:13","guid":{"rendered":"https:\/\/psychologempatia.xaa.pl\/?page_id=8"},"modified":"2025-10-03T07:50:54","modified_gmt":"2025-10-03T05:50:54","slug":"strona-glowna","status":"publish","type":"page","link":"https:\/\/psychologempatia.xaa.pl\/","title":{"rendered":"Mi\u0142o Ci\u0119 widzie\u0107&#8230;"},"content":{"rendered":"\n<p>Je\u015bli masz wra\u017cenie, \u017ce nie radzisz sobie z codzienno\u015bci\u0105, brak Ci motywacji, prze\u017cywasz trudne chwile \u2013 zwr\u00f3\u0107 si\u0119 po pomoc.<br>W moim gabinecie znajdziesz przestrze\u0144, by zrozumie\u0107 swoje emocje i nauczy\u0107 si\u0119 je wyra\u017ca\u0107.<\/p>\n\n\n\n<p><\/p>\n","protected":false},"excerpt":{"rendered":"<p>Je\u015bli masz wra\u017cenie, \u017ce nie radzisz sobie z codzienno\u015bci\u0105, brak Ci motywacji, prze\u017cywasz trudne chwile \u2013 zwr\u00f3\u0107 si\u0119 po pomoc.W moim gabinecie znajdziesz przestrze\u0144, by zrozumie\u0107 swoje emocje i nauczy\u0107 si\u0119 je wyra\u017ca\u0107.<\/p>\n","protected":false},"author":1,"featured_media":0,"parent":0,"menu_order":0,"comment_status":"closed","ping_status":"closed","template":"","meta":{"footnotes":""},"class_list":["post-8","page","type-page","status-publish","hentry"],"_links":{"self":[{"href":"https:\/\/psychologempatia.xaa.pl\/index.php\/wp-json\/wp\/v2\/pages\/8","targetHints":{"allow":["GET"]}}],"collection":[{"href":"https:\/\/psychologempatia.xaa.pl\/index.php\/wp-json\/wp\/v2\/pages"}],"about":[{"href":"https:\/\/psychologempatia.xaa.pl\/index.php\/wp-json\/wp\/v2\/types\/page"}],"author":[{"embeddable":true,"href":"https:\/\/psychologempatia.xaa.pl\/index.php\/wp-json\/wp\/v2\/users\/1"}],"replies":[{"embeddable":true,"href":"https:\/\/psychologempatia.xaa.pl\/index.php\/wp-json\/wp\/v2\/comments?post=8"}],"version-history":[{"count":3,"href":"https:\/\/psychologempatia.xaa.pl\/index.php\/wp-json\/wp\/v2\/pages\/8\/revisions"}],"predecessor-version":[{"id":123,"href":"https:\/\/psychologempatia.xaa.pl\/index.php\/wp-json\/wp\/v2\/pages\/8\/revisions\/123"}],"wp:attachment":[{"href":"https:\/\/psychologempatia.xaa.pl\/index.php\/wp-json\/wp\/v2\/media?parent=8"}],"curies":[{"name":"wp","href":"https:\/\/api.w.org\/{rel}","templated":true}]}}