{"id":3,"date":"2025-07-30T10:34:07","date_gmt":"2025-07-30T08:34:07","guid":{"rendered":"https:\/\/psychologempatia.xaa.pl\/?page_id=3"},"modified":"2025-09-15T19:42:15","modified_gmt":"2025-09-15T17:42:15","slug":"polityka-prywatnosci","status":"publish","type":"page","link":"https:\/\/psychologempatia.xaa.pl\/index.php\/polityka-prywatnosci\/","title":{"rendered":"Polityka prywatno\u015bci"},"content":{"rendered":"\n<p><strong>Wst\u0119p<\/strong><br>Zgodnie z przepisami prawa o ochronie danych osobowych, w tym Rozporz\u0105dzeniem Parlamentu Europejskiego i Rady (UE) 2016\/679 z dnia 27 kwietnia 2016 r. w sprawie ochrony os\u00f3b fizycznych w zwi\u0105zku z przetwarzaniem danych osobowych i w sprawie swobodnego przep\u0142ywu takich danych (RODO), pragniemy poinformowa\u0107 Ci\u0119 o zasadach przetwarzania danych osobowych w zwi\u0105zku z korzystaniem ze strony internetowej Gabinetu Psychologicznego &#8222;Empatia&#8221; (domena: www.psychologempatia.pl, serwer: www.psychologempatia.xaa.pl).<br><strong>Administrator danych osobowych<\/strong><br>Administratorem Twoich danych osobowych jest Gabinet Psychologiczny &#8222;Empatia&#8221;, Magdalena Rymszewicz. Mo\u017cesz skontaktowa\u0107 si\u0119 z nami pod adresem e-mail: psycholog.empatia.lobez@gmail.com w przypadku jakichkolwiek pyta\u0144 dotycz\u0105cych przetwarzania Twoich danych osobowych.<br><strong>Zakres przetwarzanych danych<\/strong><br>Podczas korzystania z naszej strony mo\u017cemy zbiera\u0107 nast\u0119puj\u0105ce dane osobowe:<br>-Imi\u0119 i nazwisko<br>-Adres e-mail<br>-Numer telefonu<br>-Adres IP<br>-Inne dane, kt\u00f3re u\u017cytkownik zdecyduje si\u0119 przekaza\u0107 (np. poprzez formularze kontaktowe, subskrypcj\u0119 newslettera itp.)<br><strong>Cel przetwarzania danych<\/strong><br>Twoje dane osobowe przetwarzamy w nast\u0119puj\u0105cych celach:<br>-Udzielanie odpowiedzi na zapytania u\u017cytkownik\u00f3w<br>-Realizacja zam\u00f3wie\u0144 lub \u015bwiadczenie us\u0142ug (je\u015bli dotyczy)<br>-Wysy\u0142anie newslettera (je\u015bli u\u017cytkownik wyrazi\u0142 zgod\u0119)<br>-Analiza i optymalizacja dzia\u0142ania strony (np. za pomoc\u0105 cookies)<br>-Kontakt marketingowy (je\u015bli u\u017cytkownik wyrazi\u0142 zgod\u0119)<br>Podstawy prawne przetwarzania danych<br>Twoje dane osobowe przetwarzamy na podstawie:<br>-Twojej zgody (art. 6 ust. 1 lit. a RODO)<br>-Niezb\u0119dno\u015bci do wykonania umowy (art. 6 ust. 1 lit. b RODO)<br>-Niezb\u0119dno\u015bci do wype\u0142nienia obowi\u0105zk\u00f3w prawnych (art. 6 ust. 1 lit. c RODO)<br>-Naszego uzasadnionego interesu (art. 6 ust. 1 lit. f RODO)<br><strong>Okres przechowywania danych<\/strong><br>Dane osobowe przechowujemy przez okres niezb\u0119dny do realizacji cel\u00f3w, dla kt\u00f3rych zosta\u0142y zebrane, a po up\u0142ywie tego czasu, je\u015bli nie ma innych podstaw prawnych do ich dalszego przechowywania, zostan\u0105 one usuni\u0119te.<br><\/p>\n\n\n\n<p class=\"has-luminous-vivid-orange-color has-text-color has-link-color wp-elements-28bc31101b6cfe99b6729b9de7568f40\"><strong>Twoje prawa<\/strong><br><\/p>\n\n\n\n<p class=\"has-black-color has-text-color has-link-color wp-elements-953ce1c90a45c88654b8e7e2ead9ac05\"><strong>Masz prawo do:<\/strong><br>-Dost\u0119pu do swoich danych osobowych<br>-Sprostowania swoich danych<br>-Usuni\u0119cia danych (tzw. prawo do bycia zapomnianym)<br>-Ograniczenia przetwarzania danych<br>-Przenoszenia danych<br>-Wycofania zgody w dowolnym momencie (je\u015bli przetwarzanie danych odbywa si\u0119 na podstawie zgody)<br>-Wniesienia skargi do organu nadzorczego, je\u015bli uwa\u017casz, \u017ce przetwarzanie danych narusza przepisy prawa<br><strong>Cookies<\/strong><br>Nasza strona u\u017cywa plik\u00f3w cookies, aby zapewni\u0107 jak najlepsz\u0105 jako\u015b\u0107 korzystania z witryny. Cookies to ma\u0142e pliki tekstowe, kt\u00f3re przechowywane s\u0105 w Twoim urz\u0105dzeniu i umo\u017cliwiaj\u0105 analizowanie sposobu korzystania ze strony.<br>Mo\u017cesz zarz\u0105dza\u0107 ustawieniami cookies w swojej przegl\u0105darce.<br><strong>Zabezpieczenie danych<\/strong><br>Zabezpieczamy Twoje dane osobowe poprzez wdro\u017cenie odpowiednich \u015brodk\u00f3w technicznych i organizacyjnych, aby zapobiec ich nieautoryzowanemu dost\u0119powi, ujawnieniu, zmianie lub zniszczeniu.<br><strong>Zmiany w Polityce Prywatno\u015bci<\/strong><br>Zastrzegamy sobie prawo do wprowadzania zmian w niniejszej Polityce Prywatno\u015bci. Zmiany b\u0119d\u0105 publikowane na tej stronie, a dat\u0119 wej\u015bcia w \u017cycie nowej wersji polityki b\u0119dziemy wskazywa\u0107 na samej g\u00f3rze dokumentu.<\/p>\n\n\n\n<p><\/p>\n","protected":false},"excerpt":{"rendered":"<p>Wst\u0119pZgodnie z przepisami prawa o ochronie danych osobowych, w tym Rozporz\u0105dzeniem Parlamentu Europejskiego i Rady (UE) 2016\/679 z dnia 27 kwietnia 2016 r. w sprawie ochrony os\u00f3b fizycznych w zwi\u0105zku z przetwarzaniem danych osobowych i w sprawie swobodnego przep\u0142ywu takich danych (RODO), pragniemy poinformowa\u0107 Ci\u0119 o zasadach przetwarzania danych osobowych w zwi\u0105zku z korzystaniem ze &hellip; <\/p>\n<p class=\"link-more\"><a href=\"https:\/\/psychologempatia.xaa.pl\/index.php\/polityka-prywatnosci\/\" class=\"more-link\">Czytaj dalej<span class=\"screen-reader-text\"> \u201ePolityka prywatno\u015bci\u201d<\/span><\/a><\/p>\n","protected":false},"author":1,"featured_media":0,"parent":0,"menu_order":0,"comment_status":"closed","ping_status":"open","template":"","meta":{"footnotes":""},"class_list":["post-3","page","type-page","status-publish","hentry"],"_links":{"self":[{"href":"https:\/\/psychologempatia.xaa.pl\/index.php\/wp-json\/wp\/v2\/pages\/3","targetHints":{"allow":["GET"]}}],"collection":[{"href":"https:\/\/psychologempatia.xaa.pl\/index.php\/wp-json\/wp\/v2\/pages"}],"about":[{"href":"https:\/\/psychologempatia.xaa.pl\/index.php\/wp-json\/wp\/v2\/types\/page"}],"author":[{"embeddable":true,"href":"https:\/\/psychologempatia.xaa.pl\/index.php\/wp-json\/wp\/v2\/users\/1"}],"replies":[{"embeddable":true,"href":"https:\/\/psychologempatia.xaa.pl\/index.php\/wp-json\/wp\/v2\/comments?post=3"}],"version-history":[{"count":3,"href":"https:\/\/psychologempatia.xaa.pl\/index.php\/wp-json\/wp\/v2\/pages\/3\/revisions"}],"predecessor-version":[{"id":98,"href":"https:\/\/psychologempatia.xaa.pl\/index.php\/wp-json\/wp\/v2\/pages\/3\/revisions\/98"}],"wp:attachment":[{"href":"https:\/\/psychologempatia.xaa.pl\/index.php\/wp-json\/wp\/v2\/media?parent=3"}],"curies":[{"name":"wp","href":"https:\/\/api.w.org\/{rel}","templated":true}]}}